{"id":6,"date":"2020-08-14T14:52:25","date_gmt":"2020-08-14T14:52:25","guid":{"rendered":"http:\/\/dolinaapartman.hu\/?page_id=6"},"modified":"2021-07-02T18:49:09","modified_gmt":"2021-07-02T18:49:09","slug":"kezdolap","status":"publish","type":"page","link":"https:\/\/dolinaapartman.hu\/en\/","title":{"rendered":"Kezd\u0151lap"},"content":{"rendered":"<div id=\"fws_69e21dbc460a3\"  data-column-margin=\"default\" data-midnight=\"dark\"  data-bg-mobile-hidden=\"true\" class=\"wpb_row vc_row-fluid vc_row full-width-section vc_row-o-full-height vc_row-o-columns-middle vc_row-o-equal-height vc_row-flex vc_row-o-content-middle parallax_section top_padding_tablet_5pct top_padding_phone_5pct bottom_padding_tablet_2pct bottom_padding_phone_2pct\"  style=\"padding-top: 0px; padding-bottom: 0px; \"><div class=\"row-bg-wrap\" data-bg-animation=\"none\" data-bg-animation-delay=\"\" data-bg-overlay=\"true\"><div class=\"inner-wrap row-bg-layer using-image\" ><div class=\"row-bg viewport-desktop using-image\" data-parallax-speed=\"fast\" style=\"background-image: url(https:\/\/dolinaapartman.hu\/wp-content\/uploads\/2020\/09\/dolinahatter-scaled4.jpg); background-position: left center; background-repeat: no-repeat; \"><\/div><\/div><div class=\"row-bg-overlay row-bg-layer\" style=\"background: #ffffff; background: linear-gradient(90deg,#ffffff 10%,rgba(255,255,255,0.001) 75%);  opacity: 0.5; background: #ffffff; background: linear-gradient(90deg,#ffffff 0%,rgba(255,255,255,0.001) 100%);  opacity: 0.5; \"><\/div><\/div><div class=\"row_col_wrap_12 col span_12 dark left\">\n\t<div style=\" color: #333333;\" class=\"vc_col-sm-3\/5 wpb_column column_container vc_column_container col no-extra-padding inherit_tablet inherit_phone\" data-cfc=\"true\"  data-padding-pos=\"all\" data-has-bg-color=\"false\" data-bg-color=\"\" data-bg-opacity=\"1\" data-animation=\"\" data-delay=\"0\" >\n\t\t<div class=\"vc_column-inner\" >\n\t\t\t<div class=\"wpb_wrapper\">\n\t\t\t\t<div class=\"nectar-highlighted-text font_size_6vh\" data-style=\"half_text\" data-exp=\"default\" data-using-custom-color=\"true\" data-animation-delay=\"false\" data-color=\"#91bc25\" data-color-gradient=\"rgba(255,255,255,0.01)\" style=\"\"><h1>Welcome to<\/h1>\n<h1><em>Dolina Apartment <\/em><\/h1>\n<h1>website<\/h1>\n<\/div><div class=\"divider-wrap\" data-alignment=\"default\"><div style=\"height: 30px;\" class=\"divider\"><\/div><\/div>\n<div class=\"wpb_text_column wpb_content_element\" >\n\t<p>After a complete renovation, we opened our apartment in 2020 in the historical center of Eger, Hungary. We did the work ourselves so that we could pay attention to the smallest details.<\/p>\n<p>We really like the apartment. We hope you will enjoy it too!<\/p>\n<\/div>\n\n\n\n<div class=\"divider-wrap\" data-alignment=\"default\"><div style=\"height: 30px;\" class=\"divider\"><\/div><\/div><div class=\"nectar-cta  alignment_tablet_default alignment_phone_default\" data-color=\"default\" data-using-bg=\"false\" data-style=\"see-through\" data-display=\"block\" data-alignment=\"left\" data-text-color=\"custom\" style=\"--nectar-text-color: #91bc25; --nectar-button-color: var(--nectar-default); --nectar-icon-gap: 10px; \"><h4 style=\"color: #91bc25;\"> <span class=\"text\"> <\/span><span class=\"link_wrap\" ><a  class=\"link_text\" role=\"button\" href=\"https:\/\/dolinaapartman.hu\/en\/apartman\/\">Get to know the apartment<span class=\"arrow\"><\/span><\/a><\/span><\/h4><\/div><div class=\"nectar-cta  alignment_tablet_default alignment_phone_default\" data-color=\"default\" data-using-bg=\"false\" data-style=\"see-through\" data-display=\"block\" data-alignment=\"left\" data-text-color=\"custom\" style=\"--nectar-text-color: #91bc25; --nectar-button-color: var(--nectar-default); --nectar-icon-gap: 10px; \"><h4 style=\"color: #91bc25;\"> <span class=\"text\"> <\/span><span class=\"link_wrap\" ><a  class=\"link_text\" role=\"button\" href=\"https:\/\/dolinaapartman.hu\/en\/ajanlatkeres\/\">Request an offer<span class=\"arrow\"><\/span><\/a><\/span><\/h4><\/div>\n\t\t\t<\/div> \n\t\t<\/div>\n\t<\/div> \n\n\t<div  class=\"vc_col-sm-2\/5 vc_hidden-sm vc_hidden-xs wpb_column column_container vc_column_container col no-extra-padding inherit_tablet inherit_phone\"  data-padding-pos=\"all\" data-has-bg-color=\"false\" data-bg-color=\"\" data-bg-opacity=\"1\" data-animation=\"\" data-delay=\"0\" >\n\t\t<div class=\"vc_column-inner\" >\n\t\t\t<div class=\"wpb_wrapper\">\n\t\t\t\t<div class=\"divider-wrap\" data-alignment=\"default\"><div style=\"height: 78vh;\" class=\"divider\"><\/div><\/div>\n\t\t\t<\/div> \n\t\t<\/div>\n\t<\/div> \n<\/div><\/div>","protected":false},"excerpt":{"rendered":"K\u00f6sz\u00f6nt\u00fcnk a Dolina Apartman honlapj\u00e1n! Sz\u00e1ll\u00e1shely\u00fcnket teljes k\u00f6r\u0171 fel\u00faj\u00edt\u00e1s ut\u00e1n 2020-ban nyitottuk meg Eger t\u00f6rt\u00e9nelmi belv\u00e1ros\u00e1ban, a De\u00e1k Ferenc \u00fati villasorral szemben. A munk\u00e1t saj\u00e1t magunk v\u00e9gezt\u00fck, hogy a legapr\u00f3bb...","protected":false},"author":1,"featured_media":336,"parent":0,"menu_order":0,"comment_status":"closed","ping_status":"closed","template":"","meta":{"footnotes":""},"class_list":["post-6","page","type-page","status-publish","has-post-thumbnail"],"yoast_head":"<!-- This site is optimized with the Yoast SEO plugin v27.4 - https:\/\/yoast.com\/product\/yoast-seo-wordpress\/ -->\n<title>Dolina Apartman - Ig\u00e9nyes apartman Eger belv\u00e1ros\u00e1ban<\/title>\n<meta name=\"description\" content=\"Ig\u00e9nyes apartman 2-4 f\u0151 r\u00e9sz\u00e9re Eger belv\u00e1ros\u00e1ban, karny\u00fajt\u00e1snyira minden l\u00e1tv\u00e1nyoss\u00e1gt\u00f3l. Hosszabb foglal\u00e1s eset\u00e9n kedvezm\u00e9ny.\" \/>\n<meta name=\"robots\" content=\"index, follow, max-snippet:-1, max-image-preview:large, max-video-preview:-1\" \/>\n<link rel=\"canonical\" href=\"https:\/\/dolinaapartman.hu\/en\/\" \/>\n<meta property=\"og:locale\" content=\"en_US\" \/>\n<meta property=\"og:type\" content=\"article\" \/>\n<meta property=\"og:title\" content=\"Dolina Apartman - Ig\u00e9nyes apartman Eger belv\u00e1ros\u00e1ban\" \/>\n<meta property=\"og:description\" content=\"Ig\u00e9nyes apartman 2-4 f\u0151 r\u00e9sz\u00e9re Eger belv\u00e1ros\u00e1ban, karny\u00fajt\u00e1snyira minden l\u00e1tv\u00e1nyoss\u00e1gt\u00f3l. Hosszabb foglal\u00e1s eset\u00e9n kedvezm\u00e9ny.\" \/>\n<meta property=\"og:url\" content=\"https:\/\/dolinaapartman.hu\/en\/\" \/>\n<meta property=\"og:site_name\" content=\"Dolina Apartman\" \/>\n<meta property=\"article:modified_time\" content=\"2021-07-02T18:49:09+00:00\" \/>\n<meta property=\"og:image\" content=\"https:\/\/dolinaapartman.hu\/wp-content\/uploads\/2020\/09\/DSC_1102.jpg\" \/>\n\t<meta property=\"og:image:width\" content=\"1501\" \/>\n\t<meta property=\"og:image:height\" content=\"2000\" \/>\n\t<meta property=\"og:image:type\" content=\"image\/jpeg\" \/>\n<meta name=\"twitter:card\" content=\"summary_large_image\" \/>\n<meta name=\"twitter:label1\" content=\"Est. reading time\" \/>\n\t<meta name=\"twitter:data1\" content=\"1 minute\" \/>\n<script type=\"application\/ld+json\" class=\"yoast-schema-graph\">{\"@context\":\"https:\\\/\\\/schema.org\",\"@graph\":[{\"@type\":\"WebPage\",\"@id\":\"https:\\\/\\\/dolinaapartman.hu\\\/\",\"url\":\"https:\\\/\\\/dolinaapartman.hu\\\/\",\"name\":\"Dolina Apartman - Ig\u00e9nyes apartman Eger belv\u00e1ros\u00e1ban\",\"isPartOf\":{\"@id\":\"https:\\\/\\\/dolinaapartman.hu\\\/#website\"},\"primaryImageOfPage\":{\"@id\":\"https:\\\/\\\/dolinaapartman.hu\\\/#primaryimage\"},\"image\":{\"@id\":\"https:\\\/\\\/dolinaapartman.hu\\\/#primaryimage\"},\"thumbnailUrl\":\"https:\\\/\\\/dolinaapartman.hu\\\/wp-content\\\/uploads\\\/2020\\\/09\\\/DSC_1102.jpg\",\"datePublished\":\"2020-08-14T14:52:25+00:00\",\"dateModified\":\"2021-07-02T18:49:09+00:00\",\"description\":\"Ig\u00e9nyes apartman 2-4 f\u0151 r\u00e9sz\u00e9re Eger belv\u00e1ros\u00e1ban, karny\u00fajt\u00e1snyira minden l\u00e1tv\u00e1nyoss\u00e1gt\u00f3l. Hosszabb foglal\u00e1s eset\u00e9n kedvezm\u00e9ny.\",\"breadcrumb\":{\"@id\":\"https:\\\/\\\/dolinaapartman.hu\\\/#breadcrumb\"},\"inLanguage\":\"en-US\",\"potentialAction\":[{\"@type\":\"ReadAction\",\"target\":[\"https:\\\/\\\/dolinaapartman.hu\\\/\"]}]},{\"@type\":\"ImageObject\",\"inLanguage\":\"en-US\",\"@id\":\"https:\\\/\\\/dolinaapartman.hu\\\/#primaryimage\",\"url\":\"https:\\\/\\\/dolinaapartman.hu\\\/wp-content\\\/uploads\\\/2020\\\/09\\\/DSC_1102.jpg\",\"contentUrl\":\"https:\\\/\\\/dolinaapartman.hu\\\/wp-content\\\/uploads\\\/2020\\\/09\\\/DSC_1102.jpg\",\"width\":1501,\"height\":2000},{\"@type\":\"BreadcrumbList\",\"@id\":\"https:\\\/\\\/dolinaapartman.hu\\\/#breadcrumb\",\"itemListElement\":[{\"@type\":\"ListItem\",\"position\":1,\"name\":\"Kezd\u0151lap\",\"item\":\"https:\\\/\\\/dolinaapartman.hu\\\/\"},{\"@type\":\"ListItem\",\"position\":2,\"name\":\"Kezd\u0151lap\"}]},{\"@type\":\"WebSite\",\"@id\":\"https:\\\/\\\/dolinaapartman.hu\\\/#website\",\"url\":\"https:\\\/\\\/dolinaapartman.hu\\\/\",\"name\":\"Dolina Apartman\",\"description\":\"Dolina Apartman Eger\",\"publisher\":{\"@id\":\"https:\\\/\\\/dolinaapartman.hu\\\/#organization\"},\"potentialAction\":[{\"@type\":\"SearchAction\",\"target\":{\"@type\":\"EntryPoint\",\"urlTemplate\":\"https:\\\/\\\/dolinaapartman.hu\\\/?s={search_term_string}\"},\"query-input\":{\"@type\":\"PropertyValueSpecification\",\"valueRequired\":true,\"valueName\":\"search_term_string\"}}],\"inLanguage\":\"en-US\"},{\"@type\":\"Organization\",\"@id\":\"https:\\\/\\\/dolinaapartman.hu\\\/#organization\",\"name\":\"Dolina Apartman Eger\",\"url\":\"https:\\\/\\\/dolinaapartman.hu\\\/\",\"logo\":{\"@type\":\"ImageObject\",\"inLanguage\":\"en-US\",\"@id\":\"https:\\\/\\\/dolinaapartman.hu\\\/#\\\/schema\\\/logo\\\/image\\\/\",\"url\":\"https:\\\/\\\/dolinaapartman.hu\\\/wp-content\\\/uploads\\\/2020\\\/09\\\/dolinalogo_kicsi.jpg\",\"contentUrl\":\"https:\\\/\\\/dolinaapartman.hu\\\/wp-content\\\/uploads\\\/2020\\\/09\\\/dolinalogo_kicsi.jpg\",\"width\":400,\"height\":55,\"caption\":\"Dolina Apartman Eger\"},\"image\":{\"@id\":\"https:\\\/\\\/dolinaapartman.hu\\\/#\\\/schema\\\/logo\\\/image\\\/\"}}]}<\/script>\n<!-- \/ Yoast SEO plugin. -->","yoast_head_json":{"title":"Dolina Apartman - Ig\u00e9nyes apartman Eger belv\u00e1ros\u00e1ban","description":"Ig\u00e9nyes apartman 2-4 f\u0151 r\u00e9sz\u00e9re Eger belv\u00e1ros\u00e1ban, karny\u00fajt\u00e1snyira minden l\u00e1tv\u00e1nyoss\u00e1gt\u00f3l. Hosszabb foglal\u00e1s eset\u00e9n kedvezm\u00e9ny.","robots":{"index":"index","follow":"follow","max-snippet":"max-snippet:-1","max-image-preview":"max-image-preview:large","max-video-preview":"max-video-preview:-1"},"canonical":"https:\/\/dolinaapartman.hu\/en\/","og_locale":"en_US","og_type":"article","og_title":"Dolina Apartman - Ig\u00e9nyes apartman Eger belv\u00e1ros\u00e1ban","og_description":"Ig\u00e9nyes apartman 2-4 f\u0151 r\u00e9sz\u00e9re Eger belv\u00e1ros\u00e1ban, karny\u00fajt\u00e1snyira minden l\u00e1tv\u00e1nyoss\u00e1gt\u00f3l. Hosszabb foglal\u00e1s eset\u00e9n kedvezm\u00e9ny.","og_url":"https:\/\/dolinaapartman.hu\/en\/","og_site_name":"Dolina Apartman","article_modified_time":"2021-07-02T18:49:09+00:00","og_image":[{"width":1501,"height":2000,"url":"https:\/\/dolinaapartman.hu\/wp-content\/uploads\/2020\/09\/DSC_1102.jpg","type":"image\/jpeg"}],"twitter_card":"summary_large_image","twitter_misc":{"Est. reading time":"1 minute"},"schema":{"@context":"https:\/\/schema.org","@graph":[{"@type":"WebPage","@id":"https:\/\/dolinaapartman.hu\/","url":"https:\/\/dolinaapartman.hu\/","name":"Dolina Apartman - Ig\u00e9nyes apartman Eger belv\u00e1ros\u00e1ban","isPartOf":{"@id":"https:\/\/dolinaapartman.hu\/#website"},"primaryImageOfPage":{"@id":"https:\/\/dolinaapartman.hu\/#primaryimage"},"image":{"@id":"https:\/\/dolinaapartman.hu\/#primaryimage"},"thumbnailUrl":"https:\/\/dolinaapartman.hu\/wp-content\/uploads\/2020\/09\/DSC_1102.jpg","datePublished":"2020-08-14T14:52:25+00:00","dateModified":"2021-07-02T18:49:09+00:00","description":"Ig\u00e9nyes apartman 2-4 f\u0151 r\u00e9sz\u00e9re Eger belv\u00e1ros\u00e1ban, karny\u00fajt\u00e1snyira minden l\u00e1tv\u00e1nyoss\u00e1gt\u00f3l. Hosszabb foglal\u00e1s eset\u00e9n kedvezm\u00e9ny.","breadcrumb":{"@id":"https:\/\/dolinaapartman.hu\/#breadcrumb"},"inLanguage":"en-US","potentialAction":[{"@type":"ReadAction","target":["https:\/\/dolinaapartman.hu\/"]}]},{"@type":"ImageObject","inLanguage":"en-US","@id":"https:\/\/dolinaapartman.hu\/#primaryimage","url":"https:\/\/dolinaapartman.hu\/wp-content\/uploads\/2020\/09\/DSC_1102.jpg","contentUrl":"https:\/\/dolinaapartman.hu\/wp-content\/uploads\/2020\/09\/DSC_1102.jpg","width":1501,"height":2000},{"@type":"BreadcrumbList","@id":"https:\/\/dolinaapartman.hu\/#breadcrumb","itemListElement":[{"@type":"ListItem","position":1,"name":"Kezd\u0151lap","item":"https:\/\/dolinaapartman.hu\/"},{"@type":"ListItem","position":2,"name":"Kezd\u0151lap"}]},{"@type":"WebSite","@id":"https:\/\/dolinaapartman.hu\/#website","url":"https:\/\/dolinaapartman.hu\/","name":"Dolina Apartment","description":"Dolina Apartman Eger","publisher":{"@id":"https:\/\/dolinaapartman.hu\/#organization"},"potentialAction":[{"@type":"SearchAction","target":{"@type":"EntryPoint","urlTemplate":"https:\/\/dolinaapartman.hu\/?s={search_term_string}"},"query-input":{"@type":"PropertyValueSpecification","valueRequired":true,"valueName":"search_term_string"}}],"inLanguage":"en-US"},{"@type":"Organization","@id":"https:\/\/dolinaapartman.hu\/#organization","name":"Dolina Apartman Eger","url":"https:\/\/dolinaapartman.hu\/","logo":{"@type":"ImageObject","inLanguage":"en-US","@id":"https:\/\/dolinaapartman.hu\/#\/schema\/logo\/image\/","url":"https:\/\/dolinaapartman.hu\/wp-content\/uploads\/2020\/09\/dolinalogo_kicsi.jpg","contentUrl":"https:\/\/dolinaapartman.hu\/wp-content\/uploads\/2020\/09\/dolinalogo_kicsi.jpg","width":400,"height":55,"caption":"Dolina Apartman Eger"},"image":{"@id":"https:\/\/dolinaapartman.hu\/#\/schema\/logo\/image\/"}}]}},"_links":{"self":[{"href":"https:\/\/dolinaapartman.hu\/en\/wp-json\/wp\/v2\/pages\/6","targetHints":{"allow":["GET"]}}],"collection":[{"href":"https:\/\/dolinaapartman.hu\/en\/wp-json\/wp\/v2\/pages"}],"about":[{"href":"https:\/\/dolinaapartman.hu\/en\/wp-json\/wp\/v2\/types\/page"}],"author":[{"embeddable":true,"href":"https:\/\/dolinaapartman.hu\/en\/wp-json\/wp\/v2\/users\/1"}],"replies":[{"embeddable":true,"href":"https:\/\/dolinaapartman.hu\/en\/wp-json\/wp\/v2\/comments?post=6"}],"version-history":[{"count":44,"href":"https:\/\/dolinaapartman.hu\/en\/wp-json\/wp\/v2\/pages\/6\/revisions"}],"predecessor-version":[{"id":722,"href":"https:\/\/dolinaapartman.hu\/en\/wp-json\/wp\/v2\/pages\/6\/revisions\/722"}],"wp:featuredmedia":[{"embeddable":true,"href":"https:\/\/dolinaapartman.hu\/en\/wp-json\/wp\/v2\/media\/336"}],"wp:attachment":[{"href":"https:\/\/dolinaapartman.hu\/en\/wp-json\/wp\/v2\/media?parent=6"}],"curies":[{"name":"wp","href":"https:\/\/api.w.org\/{rel}","templated":true}]}}