{"id":23,"date":"2020-08-14T16:37:18","date_gmt":"2020-08-14T16:37:18","guid":{"rendered":"https:\/\/dolinaapartman.hu\/?page_id=23"},"modified":"2020-09-05T15:39:55","modified_gmt":"2020-09-05T15:39:55","slug":"ajanlatkeres","status":"publish","type":"page","link":"https:\/\/dolinaapartman.hu\/en\/ajanlatkeres\/","title":{"rendered":"Request an offer"},"content":{"rendered":"\n\t\t<div id=\"fws_69e2082cd368d\"  data-column-margin=\"none\" data-midnight=\"dark\" data-top-percent=\"1%\" data-bottom-percent=\"1%\"  class=\"wpb_row vc_row-fluid vc_row full-width-section\"  style=\"padding-top: calc(100vw * 0.01); padding-bottom: calc(100vw * 0.01); \"><div class=\"row-bg-wrap\" data-bg-animation=\"none\" data-bg-animation-delay=\"\" data-bg-overlay=\"true\"><div class=\"inner-wrap row-bg-layer using-image\" ><div class=\"row-bg viewport-desktop using-image no-cover\"  style=\"background-image: url(https:\/\/dolinaapartman.hu\/wp-content\/uploads\/2020\/08\/dolinahatter-scaled.jpg); background-position: center top; background-repeat: repeat; \"><\/div><\/div><div class=\"row-bg-overlay row-bg-layer\" style=\"background-color:#ffffff;  opacity: 0.95; \"><\/div><\/div><div class=\"row_col_wrap_12 col span_12 dark left\">\n\t<div style=\"margin-top: 5%; \" class=\"vc_col-sm-7 wpb_column column_container vc_column_container col padding-5-percent inherit_tablet inherit_phone \" data-using-bg=\"true\" data-padding-pos=\"all\" data-has-bg-color=\"true\" data-bg-color=\"#91bc25\" data-bg-opacity=\"1\" data-animation=\"\" data-delay=\"0\" >\n\t\t<div class=\"vc_column-inner\" ><div class=\"column-bg-overlay-wrap column-bg-layer\" data-bg-animation=\"none\"><div class=\"column-bg-overlay\" style=\"opacity: 1; background-color: #91bc25;\"><\/div><\/div>\n\t\t\t<div class=\"wpb_wrapper\">\n\t\t\t\t<div id=\"fws_69e2082cd3cc6\" data-midnight=\"\" data-column-margin=\"none\" class=\"wpb_row vc_row-fluid vc_row inner_row vc_row-o-equal-height vc_row-flex vc_row-o-content-middle\"  style=\"padding-bottom: 10px; \"><div class=\"row-bg-wrap\"> <div class=\"row-bg\" ><\/div> <\/div><div class=\"row_col_wrap_12_inner col span_12  left\">\n\t<div style=\" color: #ffffff;\" class=\"vc_col-sm-12 vc_col-lg-11 vc_col-md-11 vc_col-xs-12 wpb_column column_container vc_column_container col child_column no-extra-padding inherit_tablet inherit_phone \" data-cfc=\"true\"  data-padding-pos=\"all\" data-has-bg-color=\"false\" data-bg-color=\"\" data-bg-opacity=\"1\" data-animation=\"\" data-delay=\"0\" >\n\t\t<div class=\"vc_column-inner\" >\n\t\t<div class=\"wpb_wrapper\">\n\t\t\t\n<div class=\"wpb_text_column wpb_content_element \" >\n\t<h1>\u00d6r\u00fcl\u00fcnk, ha elnyerte tetsz\u00e9sed az apartman!<\/h1>\n<\/div>\n\n\n\n\n<div class=\"wpb_text_column wpb_content_element \" >\n\t<p>Aj\u00e1nlatot az al\u00e1bbi \u0171rlap seg\u00edts\u00e9g\u00e9vel, az\u00a0 info@dolinaapartman.hu email c\u00edmen vagy\u00a0 a +36-30\/512-1015 telefonsz\u00e1mon k\u00e9rhetsz t\u0151l\u00fcnk. Megkeres\u00e9s ut\u00e1n igyeksz\u00fcnk min\u00e9l gyorsabban v\u00e1laszolni.<\/p>\n<p>B\u00edzunk benne, hogy hamarosan vend\u00e9gk\u00e9nt k\u00f6sz\u00f6nthet\u00fcnk!<\/p>\n<\/div>\n\n\n\n\n\t\t<\/div> \n\t<\/div>\n\t<\/div> \n<\/div><\/div>\n\t\t\t<\/div> \n\t\t<\/div>\n\t<\/div> \n\n\t<div style=\"\" class=\"vc_col-sm-5 wpb_column column_container vc_column_container col padding-2-percent inherit_tablet inherit_phone \" data-using-bg=\"true\" data-shadow=\"large_depth\" data-border-animation=\"\" data-border-animation-delay=\"\" data-border-width=\"2px\" data-border-style=\"solid\" data-border-color=\"#91bc25\" data-padding-pos=\"all\" data-has-bg-color=\"true\" data-bg-color=\"#ffffff\" data-bg-opacity=\"1\" data-animation=\"\" data-delay=\"0\" >\n\t\t<div class=\"vc_column-inner\" style=\"border: 2px solid rgba(255,255,255,0); \"><span class=\"border-wrap\" style=\"border-color: #91bc25;\"><span class=\"border-top\"><\/span><span class=\"border-right\"><\/span><span class=\"border-bottom\"><\/span><span class=\"border-left\"><\/span><\/span><div class=\"column-bg-overlay-wrap column-bg-layer\" data-bg-animation=\"none\"><div class=\"column-bg-overlay\" style=\"opacity: 1; background-color: #ffffff;\"><\/div><\/div>\n\t\t\t<div class=\"wpb_wrapper\">\n\t\t\t\t<div id=\"fws_69e2082cd458a\" data-midnight=\"\" data-column-margin=\"default\" class=\"wpb_row vc_row-fluid vc_row inner_row\"  style=\"\"><div class=\"row-bg-wrap\"> <div class=\"row-bg\" ><\/div> <\/div><div class=\"row_col_wrap_12_inner col span_12  left\">\n\t<div  class=\"vc_col-sm-12 wpb_column column_container vc_column_container col child_column padding-4-percent inherit_tablet inherit_phone \"   data-padding-pos=\"left-right\" data-has-bg-color=\"false\" data-bg-color=\"\" data-bg-opacity=\"1\" data-animation=\"\" data-delay=\"0\" >\n\t\t<div class=\"vc_column-inner\" >\n\t\t<div class=\"wpb_wrapper\">\n\t\t\t\n                <div class='gf_browser_gecko gform_wrapper' id='gform_wrapper_1' style='display:none'><form method='post' enctype='multipart\/form-data'  id='gform_1'  action='\/en\/wp-json\/wp\/v2\/pages\/23'>\n                        <div class='gform_body'><ul id='gform_fields_1' class='gform_fields top_label form_sublabel_below description_below'><li id='field_1_1'  class='gfield gfield_contains_required field_sublabel_below field_description_below gfield_visibility_visible' ><label class='gfield_label' for='input_1_1' >N\u00e9v<span class='gfield_required'>*<\/span><\/label><div class='ginput_container ginput_container_text'><input name='input_1' id='input_1_1' type='text' value='' class='large'     aria-required=\"true\" aria-invalid=\"false\" \/><\/div><\/li><li id='field_1_3'  class='gfield gfield_contains_required field_sublabel_below field_description_below gfield_visibility_visible' ><label class='gfield_label' for='input_1_3' >\u00c9rkez\u00e9s napja<span class='gfield_required'>*<\/span><\/label><div class='ginput_container ginput_container_date'>\n                            <input name='input_3' id='input_1_3' type='text' value='' class='datepicker medium ymd_dot datepicker_with_icon'    aria-describedby='input_1_3_date_format' \/>\n                            <span id='input_1_3_date_format' class='screen-reader-text'>Date Format: YYYY dot MM dot DD<\/span>\n                        <\/div>\n                        <input type='hidden' id='gforms_calendar_icon_input_1_3' class='gform_hidden' value='https:\/\/dolinaapartman.hu\/wp-content\/plugins\/gravityforms\/images\/calendar.png'\/><\/li><li id='field_1_4'  class='gfield gfield_contains_required field_sublabel_below field_description_below gfield_visibility_visible' ><label class='gfield_label' for='input_1_4' >T\u00e1voz\u00e1s napja<span class='gfield_required'>*<\/span><\/label><div class='ginput_container ginput_container_date'>\n                            <input name='input_4' id='input_1_4' type='text' value='' class='datepicker medium ymd_dot datepicker_with_icon'    aria-describedby='input_1_4_date_format' \/>\n                            <span id='input_1_4_date_format' class='screen-reader-text'>Date Format: YYYY dot MM dot DD<\/span>\n                        <\/div>\n                        <input type='hidden' id='gforms_calendar_icon_input_1_4' class='gform_hidden' value='https:\/\/dolinaapartman.hu\/wp-content\/plugins\/gravityforms\/images\/calendar.png'\/><\/li><li id='field_1_5'  class='gfield gfield_contains_required field_sublabel_below field_description_below gfield_visibility_visible' ><label class='gfield_label' for='input_1_5' >Vend\u00e9gek sz\u00e1ma<span class='gfield_required'>*<\/span><\/label><div class='ginput_container ginput_container_select'><select name='input_5' id='input_1_5' class='medium gfield_select'   aria-required=\"true\" aria-invalid=\"false\"><option value='1' >1<\/option><option value='2' >2<\/option><option value='3 (p\u00f3t\u00e1gy)' >3 (p\u00f3t\u00e1gy)<\/option><option value='4 (p\u00f3t\u00e1gy)' >4 (p\u00f3t\u00e1gy)<\/option><\/select><\/div><\/li><li id='field_1_10'  class='gfield gfield_contains_required field_sublabel_below field_description_below gfield_visibility_visible' ><label class='gfield_label' for='input_1_10' >Vend\u00e9g \u00e9letkora<span class='gfield_required'>*<\/span><\/label><div class='ginput_container ginput_container_text'><input name='input_10' id='input_1_10' type='text' value='' class='medium'     aria-required=\"true\" aria-invalid=\"false\" \/><\/div><\/li><li id='field_1_8'  class='gfield gfield_contains_required field_sublabel_below field_description_below gfield_visibility_visible' ><label class='gfield_label' for='input_1_8' >2. Vend\u00e9g \u00e9letkora<span class='gfield_required'>*<\/span><\/label><div class='ginput_container ginput_container_text'><input name='input_8' id='input_1_8' type='text' value='' class='medium'     aria-required=\"true\" aria-invalid=\"false\" \/><\/div><\/li><li id='field_1_11'  class='gfield gfield_contains_required field_sublabel_below field_description_below gfield_visibility_visible' ><label class='gfield_label' for='input_1_11' >3. Vend\u00e9g \u00e9letkora<span class='gfield_required'>*<\/span><\/label><div class='ginput_container ginput_container_text'><input name='input_11' id='input_1_11' type='text' value='' class='medium'     aria-required=\"true\" aria-invalid=\"false\" \/><\/div><\/li><li id='field_1_12'  class='gfield gfield_contains_required field_sublabel_below field_description_below gfield_visibility_visible' ><label class='gfield_label' for='input_1_12' >4. Vend\u00e9g \u00e9letkora<span class='gfield_required'>*<\/span><\/label><div class='ginput_container ginput_container_text'><input name='input_12' id='input_1_12' type='text' value='' class='medium'     aria-required=\"true\" aria-invalid=\"false\" \/><\/div><\/li><li id='field_1_13'  class='gfield field_sublabel_below field_description_below gfield_visibility_visible' ><label class='gfield_label' for='input_1_13' >Megjegyz\u00e9s<\/label><div class='ginput_container ginput_container_textarea'><textarea name='input_13' id='input_1_13' class='textarea medium'      aria-invalid=\"false\"   rows='10' cols='50'><\/textarea><\/div><\/li><li id='field_1_6'  class='gfield gfield_contains_required field_sublabel_below field_description_below gfield_visibility_visible' ><label class='gfield_label' for='input_1_6' >Email<span class='gfield_required'>*<\/span><\/label><div class='ginput_container ginput_container_email'>\n                            <input name='input_6' id='input_1_6' type='text' value='' class='large'    aria-required=\"true\" aria-invalid=\"false\" \/>\n                        <\/div><\/li><li id='field_1_14'  class='gfield field_sublabel_below field_description_below gfield_visibility_visible' ><label class='gfield_label' for='input_1_14' >CAPTCHA<\/label><div id='input_1_14' class='ginput_container ginput_recaptcha' data-sitekey='6Lfyag4cAAAAAN1vG7mKa69wLu8UOpeQ_i_jeBjt'  data-theme='light' data-tabindex='0'  data-badge=''><\/div><\/li><li id='field_1_15'  class='gfield gform_validation_container field_sublabel_below field_description_below gfield_visibility_visible' ><label class='gfield_label' for='input_1_15' >Phone<\/label><div class='ginput_container'><input name='input_15' id='input_1_15' type='text' value='' \/><\/div><div class='gfield_description' id='gfield_description__15'>This field is for validation purposes and should be left unchanged.<\/div><\/li>\n                            <\/ul><\/div>\n        <div class='gform_footer top_label'> <input type='submit' id='gform_submit_button_1' class='gform_button button' value='Aj\u00e1nlatot k\u00e9rek'  onclick='if(window[\"gf_submitting_1\"]){return false;}  window[\"gf_submitting_1\"]=true;  ' onkeypress='if( event.keyCode == 13 ){ if(window[\"gf_submitting_1\"]){return false;} window[\"gf_submitting_1\"]=true;  jQuery(\"#gform_1\").trigger(\"submit\",[true]); }' \/> \n            <input type='hidden' class='gform_hidden' name='is_submit_1' value='1' \/>\n            <input type='hidden' class='gform_hidden' name='gform_submit' value='1' \/>\n            \n            <input type='hidden' class='gform_hidden' name='gform_unique_id' value='' \/>\n            <input type='hidden' class='gform_hidden' name='state_1' value='WyJbXSIsImI3YmU0YmRiZWRlNjM1NzRmZmNiYmY4ZWE5M2NiOTk4Il0=' \/>\n            <input type='hidden' class='gform_hidden' name='gform_target_page_number_1' id='gform_target_page_number_1' value='0' \/>\n            <input type='hidden' class='gform_hidden' name='gform_source_page_number_1' id='gform_source_page_number_1' value='1' \/>\n            <input type='hidden' name='gform_field_values' value='' \/>\n            \n        <\/div>\n                        <\/form>\n                        <\/div><script type='text\/javascript'> jQuery(document).bind('gform_post_render', function(event, formId, currentPage){if(formId == 1) {gf_global[\"number_formats\"][1] = {\"1\":{\"price\":false,\"value\":false},\"3\":{\"price\":false,\"value\":false},\"4\":{\"price\":false,\"value\":false},\"5\":{\"price\":false,\"value\":false},\"10\":{\"price\":false,\"value\":false},\"8\":{\"price\":false,\"value\":false},\"11\":{\"price\":false,\"value\":false},\"12\":{\"price\":false,\"value\":false},\"13\":{\"price\":false,\"value\":false},\"6\":{\"price\":false,\"value\":false},\"14\":{\"price\":false,\"value\":false},\"15\":{\"price\":false,\"value\":false}};if(window['jQuery']){if(!window['gf_form_conditional_logic'])window['gf_form_conditional_logic'] = new Array();window['gf_form_conditional_logic'][1] = { logic: { 8: {\"field\":{\"actionType\":\"show\",\"logicType\":\"any\",\"rules\":[{\"fieldId\":\"5\",\"operator\":\"is\",\"value\":\"2\"},{\"fieldId\":\"5\",\"operator\":\"is\",\"value\":\"3 (p\\u00f3t\\u00e1gy)\"},{\"fieldId\":\"5\",\"operator\":\"is\",\"value\":\"4 (p\\u00f3t\\u00e1gy)\"}]},\"nextButton\":null,\"section\":null},11: {\"field\":{\"actionType\":\"show\",\"logicType\":\"any\",\"rules\":[{\"fieldId\":\"5\",\"operator\":\"is\",\"value\":\"3 (p\\u00f3t\\u00e1gy)\"},{\"fieldId\":\"5\",\"operator\":\"is\",\"value\":\"4 (p\\u00f3t\\u00e1gy)\"}]},\"nextButton\":null,\"section\":null},12: {\"field\":{\"actionType\":\"show\",\"logicType\":\"all\",\"rules\":[{\"fieldId\":\"5\",\"operator\":\"is\",\"value\":\"4 (p\\u00f3t\\u00e1gy)\"}]},\"nextButton\":null,\"section\":null} }, dependents: { 8: [8],11: [11],12: [12] }, animation: 0, defaults: [], fields: {\"1\":[],\"3\":[],\"4\":[],\"5\":[8,11,12],\"10\":[],\"8\":[],\"11\":[],\"12\":[],\"13\":[],\"6\":[],\"14\":[],\"15\":[]} }; if(!window['gf_number_format'])window['gf_number_format'] = 'decimal_dot';jQuery(document).ready(function(){gf_apply_rules(1, [8,11,12], true);jQuery('#gform_wrapper_1').show();jQuery(document).trigger('gform_post_conditional_logic', [1, null, true]);} );} } } );jQuery(document).bind('gform_post_conditional_logic', function(event, formId, fields, isInit){} );<\/script><script type='text\/javascript'> jQuery(document).ready(function(){jQuery(document).trigger('gform_post_render', [1, 1]) } ); <\/script>\n\t\t<\/div> \n\t<\/div>\n\t<\/div> \n<\/div><\/div>\n\t\t\t<\/div> \n\t\t<\/div>\n\t<\/div> \n<\/div><\/div>\n","protected":false},"excerpt":{"rendered":"\u00d6r\u00fcl\u00fcnk, ha elnyerte tetsz\u00e9sed az apartman! Aj\u00e1nlatot az al\u00e1bbi \u0171rlap seg\u00edts\u00e9g\u00e9vel, az\u00a0 info@dolinaapartman.hu email c\u00edmen vagy\u00a0 a +36-30\/512-1015 telefonsz\u00e1mon k\u00e9rhetsz t\u0151l\u00fcnk. Megkeres\u00e9s ut\u00e1n igyeksz\u00fcnk min\u00e9l gyorsabban v\u00e1laszolni. B\u00edzunk benne, hogy...","protected":false},"author":1,"featured_media":0,"parent":0,"menu_order":0,"comment_status":"closed","ping_status":"closed","template":"","meta":{"footnotes":""},"class_list":["post-23","page","type-page","status-publish"],"yoast_head":"<!-- This site is optimized with the Yoast SEO plugin v27.4 - https:\/\/yoast.com\/product\/yoast-seo-wordpress\/ -->\n<title>Dolina Apartman - Aj\u00e1nlatk\u00e9r\u00e9s<\/title>\n<meta name=\"description\" content=\"Sz\u00e1ll\u00e1shely aj\u00e1nlatk\u00e9r\u00e9s. \u00d6r\u00fcl\u00fcnk, ha elnyerte tetsz\u00e9sed az apartman! B\u00edzunk benne, hogy hamarosan vend\u00e9gk\u00e9nt k\u00f6sz\u00f6nthet\u00fcnk!\" \/>\n<meta name=\"robots\" content=\"index, follow, max-snippet:-1, max-image-preview:large, max-video-preview:-1\" \/>\n<link rel=\"canonical\" href=\"https:\/\/dolinaapartman.hu\/en\/ajanlatkeres\/\" \/>\n<meta property=\"og:locale\" content=\"en_US\" \/>\n<meta property=\"og:type\" content=\"article\" \/>\n<meta property=\"og:title\" content=\"Dolina Apartman - Aj\u00e1nlatk\u00e9r\u00e9s\" \/>\n<meta property=\"og:description\" content=\"Sz\u00e1ll\u00e1shely aj\u00e1nlatk\u00e9r\u00e9s. \u00d6r\u00fcl\u00fcnk, ha elnyerte tetsz\u00e9sed az apartman! B\u00edzunk benne, hogy hamarosan vend\u00e9gk\u00e9nt k\u00f6sz\u00f6nthet\u00fcnk!\" \/>\n<meta property=\"og:url\" content=\"https:\/\/dolinaapartman.hu\/en\/ajanlatkeres\/\" \/>\n<meta property=\"og:site_name\" content=\"Dolina Apartman\" \/>\n<meta property=\"article:modified_time\" content=\"2020-09-05T15:39:55+00:00\" \/>\n<meta name=\"twitter:card\" content=\"summary_large_image\" \/>\n<meta name=\"twitter:label1\" content=\"Est. reading time\" \/>\n\t<meta name=\"twitter:data1\" content=\"3 minutes\" \/>\n<script type=\"application\/ld+json\" class=\"yoast-schema-graph\">{\"@context\":\"https:\\\/\\\/schema.org\",\"@graph\":[{\"@type\":\"WebPage\",\"@id\":\"https:\\\/\\\/dolinaapartman.hu\\\/ajanlatkeres\\\/\",\"url\":\"https:\\\/\\\/dolinaapartman.hu\\\/ajanlatkeres\\\/\",\"name\":\"Dolina Apartman - Aj\u00e1nlatk\u00e9r\u00e9s\",\"isPartOf\":{\"@id\":\"https:\\\/\\\/dolinaapartman.hu\\\/#website\"},\"datePublished\":\"2020-08-14T16:37:18+00:00\",\"dateModified\":\"2020-09-05T15:39:55+00:00\",\"description\":\"Sz\u00e1ll\u00e1shely aj\u00e1nlatk\u00e9r\u00e9s. \u00d6r\u00fcl\u00fcnk, ha elnyerte tetsz\u00e9sed az apartman! B\u00edzunk benne, hogy hamarosan vend\u00e9gk\u00e9nt k\u00f6sz\u00f6nthet\u00fcnk!\",\"breadcrumb\":{\"@id\":\"https:\\\/\\\/dolinaapartman.hu\\\/ajanlatkeres\\\/#breadcrumb\"},\"inLanguage\":\"en-US\",\"potentialAction\":[{\"@type\":\"ReadAction\",\"target\":[\"https:\\\/\\\/dolinaapartman.hu\\\/ajanlatkeres\\\/\"]}]},{\"@type\":\"BreadcrumbList\",\"@id\":\"https:\\\/\\\/dolinaapartman.hu\\\/ajanlatkeres\\\/#breadcrumb\",\"itemListElement\":[{\"@type\":\"ListItem\",\"position\":1,\"name\":\"Kezd\u0151lap\",\"item\":\"https:\\\/\\\/dolinaapartman.hu\\\/\"},{\"@type\":\"ListItem\",\"position\":2,\"name\":\"Aj\u00e1nlatk\u00e9r\u00e9s\"}]},{\"@type\":\"WebSite\",\"@id\":\"https:\\\/\\\/dolinaapartman.hu\\\/#website\",\"url\":\"https:\\\/\\\/dolinaapartman.hu\\\/\",\"name\":\"Dolina Apartman\",\"description\":\"Dolina Apartman Eger\",\"publisher\":{\"@id\":\"https:\\\/\\\/dolinaapartman.hu\\\/#organization\"},\"potentialAction\":[{\"@type\":\"SearchAction\",\"target\":{\"@type\":\"EntryPoint\",\"urlTemplate\":\"https:\\\/\\\/dolinaapartman.hu\\\/?s={search_term_string}\"},\"query-input\":{\"@type\":\"PropertyValueSpecification\",\"valueRequired\":true,\"valueName\":\"search_term_string\"}}],\"inLanguage\":\"en-US\"},{\"@type\":\"Organization\",\"@id\":\"https:\\\/\\\/dolinaapartman.hu\\\/#organization\",\"name\":\"Dolina Apartman Eger\",\"url\":\"https:\\\/\\\/dolinaapartman.hu\\\/\",\"logo\":{\"@type\":\"ImageObject\",\"inLanguage\":\"en-US\",\"@id\":\"https:\\\/\\\/dolinaapartman.hu\\\/#\\\/schema\\\/logo\\\/image\\\/\",\"url\":\"https:\\\/\\\/dolinaapartman.hu\\\/wp-content\\\/uploads\\\/2020\\\/09\\\/dolinalogo_kicsi.jpg\",\"contentUrl\":\"https:\\\/\\\/dolinaapartman.hu\\\/wp-content\\\/uploads\\\/2020\\\/09\\\/dolinalogo_kicsi.jpg\",\"width\":400,\"height\":55,\"caption\":\"Dolina Apartman Eger\"},\"image\":{\"@id\":\"https:\\\/\\\/dolinaapartman.hu\\\/#\\\/schema\\\/logo\\\/image\\\/\"}}]}<\/script>\n<!-- \/ Yoast SEO plugin. -->","yoast_head_json":{"title":"Dolina Apartman - Aj\u00e1nlatk\u00e9r\u00e9s","description":"Sz\u00e1ll\u00e1shely aj\u00e1nlatk\u00e9r\u00e9s. \u00d6r\u00fcl\u00fcnk, ha elnyerte tetsz\u00e9sed az apartman! B\u00edzunk benne, hogy hamarosan vend\u00e9gk\u00e9nt k\u00f6sz\u00f6nthet\u00fcnk!","robots":{"index":"index","follow":"follow","max-snippet":"max-snippet:-1","max-image-preview":"max-image-preview:large","max-video-preview":"max-video-preview:-1"},"canonical":"https:\/\/dolinaapartman.hu\/en\/ajanlatkeres\/","og_locale":"en_US","og_type":"article","og_title":"Dolina Apartman - Aj\u00e1nlatk\u00e9r\u00e9s","og_description":"Sz\u00e1ll\u00e1shely aj\u00e1nlatk\u00e9r\u00e9s. \u00d6r\u00fcl\u00fcnk, ha elnyerte tetsz\u00e9sed az apartman! B\u00edzunk benne, hogy hamarosan vend\u00e9gk\u00e9nt k\u00f6sz\u00f6nthet\u00fcnk!","og_url":"https:\/\/dolinaapartman.hu\/en\/ajanlatkeres\/","og_site_name":"Dolina Apartman","article_modified_time":"2020-09-05T15:39:55+00:00","twitter_card":"summary_large_image","twitter_misc":{"Est. reading time":"3 minutes"},"schema":{"@context":"https:\/\/schema.org","@graph":[{"@type":"WebPage","@id":"https:\/\/dolinaapartman.hu\/ajanlatkeres\/","url":"https:\/\/dolinaapartman.hu\/ajanlatkeres\/","name":"Dolina Apartman - Aj\u00e1nlatk\u00e9r\u00e9s","isPartOf":{"@id":"https:\/\/dolinaapartman.hu\/#website"},"datePublished":"2020-08-14T16:37:18+00:00","dateModified":"2020-09-05T15:39:55+00:00","description":"Sz\u00e1ll\u00e1shely aj\u00e1nlatk\u00e9r\u00e9s. \u00d6r\u00fcl\u00fcnk, ha elnyerte tetsz\u00e9sed az apartman! B\u00edzunk benne, hogy hamarosan vend\u00e9gk\u00e9nt k\u00f6sz\u00f6nthet\u00fcnk!","breadcrumb":{"@id":"https:\/\/dolinaapartman.hu\/ajanlatkeres\/#breadcrumb"},"inLanguage":"en-US","potentialAction":[{"@type":"ReadAction","target":["https:\/\/dolinaapartman.hu\/ajanlatkeres\/"]}]},{"@type":"BreadcrumbList","@id":"https:\/\/dolinaapartman.hu\/ajanlatkeres\/#breadcrumb","itemListElement":[{"@type":"ListItem","position":1,"name":"Kezd\u0151lap","item":"https:\/\/dolinaapartman.hu\/"},{"@type":"ListItem","position":2,"name":"Aj\u00e1nlatk\u00e9r\u00e9s"}]},{"@type":"WebSite","@id":"https:\/\/dolinaapartman.hu\/#website","url":"https:\/\/dolinaapartman.hu\/","name":"Dolina Apartment","description":"Dolina Apartman Eger","publisher":{"@id":"https:\/\/dolinaapartman.hu\/#organization"},"potentialAction":[{"@type":"SearchAction","target":{"@type":"EntryPoint","urlTemplate":"https:\/\/dolinaapartman.hu\/?s={search_term_string}"},"query-input":{"@type":"PropertyValueSpecification","valueRequired":true,"valueName":"search_term_string"}}],"inLanguage":"en-US"},{"@type":"Organization","@id":"https:\/\/dolinaapartman.hu\/#organization","name":"Dolina Apartman Eger","url":"https:\/\/dolinaapartman.hu\/","logo":{"@type":"ImageObject","inLanguage":"en-US","@id":"https:\/\/dolinaapartman.hu\/#\/schema\/logo\/image\/","url":"https:\/\/dolinaapartman.hu\/wp-content\/uploads\/2020\/09\/dolinalogo_kicsi.jpg","contentUrl":"https:\/\/dolinaapartman.hu\/wp-content\/uploads\/2020\/09\/dolinalogo_kicsi.jpg","width":400,"height":55,"caption":"Dolina Apartman Eger"},"image":{"@id":"https:\/\/dolinaapartman.hu\/#\/schema\/logo\/image\/"}}]}},"_links":{"self":[{"href":"https:\/\/dolinaapartman.hu\/en\/wp-json\/wp\/v2\/pages\/23","targetHints":{"allow":["GET"]}}],"collection":[{"href":"https:\/\/dolinaapartman.hu\/en\/wp-json\/wp\/v2\/pages"}],"about":[{"href":"https:\/\/dolinaapartman.hu\/en\/wp-json\/wp\/v2\/types\/page"}],"author":[{"embeddable":true,"href":"https:\/\/dolinaapartman.hu\/en\/wp-json\/wp\/v2\/users\/1"}],"replies":[{"embeddable":true,"href":"https:\/\/dolinaapartman.hu\/en\/wp-json\/wp\/v2\/comments?post=23"}],"version-history":[{"count":16,"href":"https:\/\/dolinaapartman.hu\/en\/wp-json\/wp\/v2\/pages\/23\/revisions"}],"predecessor-version":[{"id":310,"href":"https:\/\/dolinaapartman.hu\/en\/wp-json\/wp\/v2\/pages\/23\/revisions\/310"}],"wp:attachment":[{"href":"https:\/\/dolinaapartman.hu\/en\/wp-json\/wp\/v2\/media?parent=23"}],"curies":[{"name":"wp","href":"https:\/\/api.w.org\/{rel}","templated":true}]}}